{"id":87,"date":"2025-03-12T14:35:52","date_gmt":"2025-03-12T14:35:52","guid":{"rendered":"https:\/\/unimaksan.com\/?page_id=87"},"modified":"2025-03-12T14:37:07","modified_gmt":"2025-03-12T14:37:07","slug":"misyon","status":"publish","type":"page","link":"https:\/\/unimaksan.com\/?page_id=87","title":{"rendered":"Misyon"},"content":{"rendered":"\n\n\n\n\n\n\n\n\u00dclkemizde Otomotiv, Enerji, Medikal, Elektronik, Rayl\u0131 Sistemler ve Genel Makine sekt\u00f6rlerinin yurti\u00e7i ve yurtd\u0131\u015f\u0131 m\u00fc\u015fterilerimizin gereksinimlerine teknoloji odakl\u0131 hizmet ve \u00e7\u00f6z\u00fcmler \u00fcretiyoruz.\n\n\n\n<br>Sekt\u00f6r\u00fcn kalite ve zaman\u0131nda teslimat hedeflerimiz do\u011frultusunda y\u00f6neterek kazan\u0131lan teknik yetkinlik ve teknolojik kabiliyetlerimizi b\u00fct\u00fcn sekt\u00f6rlere uygulayabiliyoruz. M\u00fc\u015fterilerden gelen taleplere kalite ve istikrarla kar\u015f\u0131l\u0131k vererek, m\u00fc\u015fterilerimizin isteklerini ba\u015far\u0131l\u0131 bir \u015fekilde yerine getiriyoruz.\n\n\n\n","protected":false},"excerpt":{"rendered":"","protected":false},"author":1,"featured_media":0,"parent":0,"menu_order":0,"comment_status":"closed","ping_status":"closed","template":"full-width","meta":{"footnotes":""},"class_list":["post-87","page","type-page","status-publish","hentry"],"_links":{"self":[{"href":"https:\/\/unimaksan.com\/index.php?rest_route=\/wp\/v2\/pages\/87","targetHints":{"allow":["GET"]}}],"collection":[{"href":"https:\/\/unimaksan.com\/index.php?rest_route=\/wp\/v2\/pages"}],"about":[{"href":"https:\/\/unimaksan.com\/index.php?rest_route=\/wp\/v2\/types\/page"}],"author":[{"embeddable":true,"href":"https:\/\/unimaksan.com\/index.php?rest_route=\/wp\/v2\/users\/1"}],"replies":[{"embeddable":true,"href":"https:\/\/unimaksan.com\/index.php?rest_route=%2Fwp%2Fv2%2Fcomments&post=87"}],"version-history":[{"count":3,"href":"https:\/\/unimaksan.com\/index.php?rest_route=\/wp\/v2\/pages\/87\/revisions"}],"predecessor-version":[{"id":92,"href":"https:\/\/unimaksan.com\/index.php?rest_route=\/wp\/v2\/pages\/87\/revisions\/92"}],"wp:attachment":[{"href":"https:\/\/unimaksan.com\/index.php?rest_route=%2Fwp%2Fv2%2Fmedia&parent=87"}],"curies":[{"name":"wp","href":"https:\/\/api.w.org\/{rel}","templated":true}]}}