{"id":8,"date":"2025-03-12T12:20:53","date_gmt":"2025-03-12T12:20:53","guid":{"rendered":"https:\/\/unimaksan.com\/?page_id=8"},"modified":"2025-04-25T09:36:19","modified_gmt":"2025-04-25T09:36:19","slug":"front_page","status":"publish","type":"page","link":"https:\/\/unimaksan.com\/","title":{"rendered":"Home"},"content":{"rendered":"\n\n\n\nHakk\u0131m\u0131zda\n\n\n\n\n\n\u00dcnimaksan Tala\u015fl\u0131 \u00fcretim, kaplama, boya ve mekanik montaj yetenekleri ile \u00e7elik, paslanmaz \u00e7elik ,al\u00fcminyum, titanyum ve bronz ala\u015f\u0131ml\u0131 par\u00e7alar \u00fcretmek amac\u0131yla kurulmu\u015ftur.\n\n\n\n\nDevam\u0131&#8230;\n\n\n\n\n\n\n\n\n\n\n\n\n\n\n\n\n\n\nMisyon\n\n\n\n\u00dclkemizde Otomotiv, Enerji, Medikal, Elektronik, Rayl\u0131 Sistemler ve Genel Makine sekt\u00f6rlerinin yurti\u00e7i ve yurtd\u0131\u015f\u0131 m\u00fc\u015fterilerimizin gereksinimlerine teknoloji odakl\u0131 hizmet ve \u00e7\u00f6z\u00fcmler \u00fcretiyoruz.\n\n\n\n\nDevam\u0131&#8230;\n\n\n\n\n\n\n\n\n\n\nTeknoloji ve Hizmetlerimiz\n\n\n\n\n\n\n\n\n\n\n\nTala\u015fl\u0131 \u00dcretim Faaliyetleri\n\n\n\nHassas freze ve tornalama \u00d8 600, boy 1200 mm.\n\n\n\n\n\n\n\nY\u00fczey Kaplama\n\n\n\nEloksal, krom vb.\n\n\n\n\n\n\n\nMekanik Montaj\n\n\n\nHelicoil, vida, pim vb.\n\n\n\n\n\n\n\nMalzeme Se\u00e7imi\n\n\n\n\n\n\n\nPrototip Uygulamalar\u0131\n\n\n\n\n\n\n\n\n\nIletisim\n\n\n\n\n\n\ninfo@unimaksan.com\n\n\n\nHAB OSB MAH. G5 CAD. NO: 13 KAHRAMANKAZAN\/ ANKARA\n\n\n\n\n","protected":false},"excerpt":{"rendered":"","protected":false},"author":1,"featured_media":0,"parent":0,"menu_order":0,"comment_status":"closed","ping_status":"closed","template":"","meta":{"footnotes":""},"class_list":["post-8","page","type-page","status-publish","hentry"],"_links":{"self":[{"href":"https:\/\/unimaksan.com\/index.php?rest_route=\/wp\/v2\/pages\/8","targetHints":{"allow":["GET"]}}],"collection":[{"href":"https:\/\/unimaksan.com\/index.php?rest_route=\/wp\/v2\/pages"}],"about":[{"href":"https:\/\/unimaksan.com\/index.php?rest_route=\/wp\/v2\/types\/page"}],"author":[{"embeddable":true,"href":"https:\/\/unimaksan.com\/index.php?rest_route=\/wp\/v2\/users\/1"}],"replies":[{"embeddable":true,"href":"https:\/\/unimaksan.com\/index.php?rest_route=%2Fwp%2Fv2%2Fcomments&post=8"}],"version-history":[{"count":10,"href":"https:\/\/unimaksan.com\/index.php?rest_route=\/wp\/v2\/pages\/8\/revisions"}],"predecessor-version":[{"id":114,"href":"https:\/\/unimaksan.com\/index.php?rest_route=\/wp\/v2\/pages\/8\/revisions\/114"}],"wp:attachment":[{"href":"https:\/\/unimaksan.com\/index.php?rest_route=%2Fwp%2Fv2%2Fmedia&parent=8"}],"curies":[{"name":"wp","href":"https:\/\/api.w.org\/{rel}","templated":true}]}}