{"id":72,"date":"2025-03-12T14:16:41","date_gmt":"2025-03-12T14:16:41","guid":{"rendered":"https:\/\/unimaksan.com\/?page_id=72"},"modified":"2025-03-12T14:33:12","modified_gmt":"2025-03-12T14:33:12","slug":"hakkimizda","status":"publish","type":"page","link":"https:\/\/unimaksan.com\/?page_id=72","title":{"rendered":"Hakk\u0131m\u0131zda"},"content":{"rendered":"\n\n\n\nUnimaksan Tala\u015fl\u0131 \u00fcretim, kaplama, boya ve mekanik montaj yetenekleri ile \u00e7elik, paslanmaz \u00e7elik ,al\u00fcminyum, titanyum ve bronz ala\u015f\u0131ml\u0131 par\u00e7alar \u00fcretmek amac\u0131yla kurulmu\u015ftur.<br><br>Ba\u015fl\u0131ca hizmet verdi\u011fimiz sekt\u00f6rler Otomotiv, Enerji, Medikal, Elektronik, Rayl\u0131 Sistemler ve Genel Makine sekt\u00f6rleri olarak s\u0131ralanabilir. Tecr\u00fcbeli ekibi ve sahip oldu\u011fu teknolojik altyap\u0131s\u0131 ile mekanik sistem \u00fcretiminde m\u00fc\u015fterilerinin yan\u0131nda \u00e7\u00f6z\u00fcm orta\u011f\u0131 olarak yer almaktad\u0131r.<br><br>Metroloji ve y\u00fczey kaplama konusunda ihtiya\u00e7 duyulan t\u00fcm \u00f6l\u00e7me ve kontrol sistemleri kendi b\u00fcnyemizde mevcuttur.\n\n\n\n\n\n\n\n","protected":false},"excerpt":{"rendered":"","protected":false},"author":1,"featured_media":0,"parent":0,"menu_order":0,"comment_status":"closed","ping_status":"closed","template":"","meta":{"footnotes":""},"class_list":["post-72","page","type-page","status-publish","hentry"],"_links":{"self":[{"href":"https:\/\/unimaksan.com\/index.php?rest_route=\/wp\/v2\/pages\/72","targetHints":{"allow":["GET"]}}],"collection":[{"href":"https:\/\/unimaksan.com\/index.php?rest_route=\/wp\/v2\/pages"}],"about":[{"href":"https:\/\/unimaksan.com\/index.php?rest_route=\/wp\/v2\/types\/page"}],"author":[{"embeddable":true,"href":"https:\/\/unimaksan.com\/index.php?rest_route=\/wp\/v2\/users\/1"}],"replies":[{"embeddable":true,"href":"https:\/\/unimaksan.com\/index.php?rest_route=%2Fwp%2Fv2%2Fcomments&post=72"}],"version-history":[{"count":5,"href":"https:\/\/unimaksan.com\/index.php?rest_route=\/wp\/v2\/pages\/72\/revisions"}],"predecessor-version":[{"id":86,"href":"https:\/\/unimaksan.com\/index.php?rest_route=\/wp\/v2\/pages\/72\/revisions\/86"}],"wp:attachment":[{"href":"https:\/\/unimaksan.com\/index.php?rest_route=%2Fwp%2Fv2%2Fmedia&parent=72"}],"curies":[{"name":"wp","href":"https:\/\/api.w.org\/{rel}","templated":true}]}}